{"id":11227,"date":"2025-01-17T12:11:59","date_gmt":"2025-01-17T11:11:59","guid":{"rendered":"https:\/\/portaledellolio.it\/?page_id=11227"},"modified":"2025-11-20T17:22:57","modified_gmt":"2025-11-20T16:22:57","slug":"blog","status":"publish","type":"page","link":"https:\/\/portaledellolio.it\/index.php\/blog\/","title":{"rendered":"Blog dell&#8217;olio"},"content":{"rendered":"\t\t<div data-elementor-type=\"wp-page\" data-elementor-id=\"11227\" class=\"elementor elementor-11227\" data-elementor-post-type=\"page\">\n\t\t\t\t<div class=\"elementor-element elementor-element-c9e2c7d e-flex e-con-boxed e-con e-parent\" data-id=\"c9e2c7d\" data-element_type=\"container\">\n\t\t\t\t\t<div class=\"e-con-inner\">\n\t\t\t\t<div class=\"elementor-element elementor-element-6e2d6f8 elementor-widget elementor-widget-posts\" data-id=\"6e2d6f8\" data-element_type=\"widget\" data-widget_type=\"posts.default\">\n\t\t\t\t<div class=\"elementor-widget-container\">\n\t\t\t\t\t\r\n    \r\n    <div class=\"row\" >\r\n        \r\n<div class=\"blog-post wide-post\">\r\n    <div class=\"row d-flex align-items-center justify-content-center\">\r\n\r\n                    <!-- BLOG POST IMAGE -->\r\n            <div class=\"col-md-6\">\r\n                <div class=\"blog-post-img\">\r\n                    <img fetchpriority=\"high\" decoding=\"async\" width=\"700\" height=\"500\" src=\"https:\/\/portaledellolio.it\/wp-content\/uploads\/2025\/01\/1-700x500.webp\" class=\"img-fluid r-16 wp-post-image\" alt=\"\" style=\"width:100%;height:57.14%;max-width:1792px;\" \/>                <\/div>\r\n            <\/div>\r\n                <!-- BLOG POST TEXT -->\r\n        <div class=\"col-md-6\">\r\n            <div class=\"blog-post-txt\">\r\n                <div class=\"post-categories\"><a href=\"https:\/\/portaledellolio.it\/index.php\/category\/blog-dellolio\/\">Blog dell&#039;olio<\/a><\/div>                <!-- Post Tag -->\r\n\r\n\r\n                <!-- Post Link -->\r\n                <h3 class=\"post-title s-38 w-700\">\r\n                    <a href=\"https:\/\/portaledellolio.it\/index.php\/2025\/01\/09\/limportanza-della-corretta-indicazione-della-campagna-di-raccolta-dellolio-doliva-in-etichetta\/\">L&#8217;importanza della corretta indicazione della campagna di raccolta dell&#8217;olio d&#8217;oliva in etichetta<\/a>\r\n                <\/h3>\r\n\r\n                <!-- Text -->\r\n                <p>L&#8217;olio d&#8217;oliva \u00e8 uno dei prodotti alimentari italiani pi\u00f9 apprezzati e conosciuti in tutto il mondo. Per garantire la qualit\u00e0 e la sicurezza del prodotto, l&#8217;Unione Europea ha stabilito precise&hellip;<\/p>\r\n\r\n                <!-- Post Meta -->\r\n                <div class=\"blog-post-meta mt-30\">\r\n                    <ul class=\"post-meta-list ico-10\"><li><p class=\"byline]\"><a class=\"p-sm w-500\" href=\"https:\/\/portaledellolio.it\/index.php\/author\/nextfuture\/\" rel=\"author\">nextfuture<\/a><\/p><\/li><li class=\"meta-list-divider\"><p><span class=\"flaticon-minus\"><\/span><\/p><\/li><li><p class=\"posted-on p-sm\"><time class=\"entry-date published updated\" datetime=\"2025-01-09T17:28:48+01:00\">9 Gennaio 2025<\/time><\/p><\/li><\/ul>                <\/div>\r\n\r\n            <\/div>\r\n        <\/div> <!-- END BLOG POST TEXT -->\r\n\r\n\r\n    <\/div> <!-- End row -->\r\n<\/div>    <\/div>\r\n    \t\t\t\t<\/div>\n\t\t\t\t<\/div>\n\t\t\t\t<div class=\"elementor-element elementor-element-6f797e7 elementor-widget elementor-widget-posts\" data-id=\"6f797e7\" data-element_type=\"widget\" data-widget_type=\"posts.default\">\n\t\t\t\t<div class=\"elementor-widget-container\">\n\t\t\t\t\t\r\n    \r\n    <div class=\"row row-cols-1 row-cols-lg-3\" >\r\n        <div class=\"col\">\r\n    <div class=\"blog-post mb-40 clearfixs post-10990 post type-post status-publish format-standard has-post-thumbnail hentry category-blog-dellolio entry\">\r\n                    <div class=\"blog-post-img position-relative mb-35\">\r\n                <img decoding=\"async\" width=\"1024\" height=\"1024\" src=\"https:\/\/portaledellolio.it\/wp-content\/uploads\/2025\/01\/sansa.webp\" class=\"img-fluid r-16 wp-post-image\" alt=\"\" srcset=\"https:\/\/portaledellolio.it\/wp-content\/uploads\/2025\/01\/sansa.webp 1024w, https:\/\/portaledellolio.it\/wp-content\/uploads\/2025\/01\/sansa-300x300.webp 300w, https:\/\/portaledellolio.it\/wp-content\/uploads\/2025\/01\/sansa-150x150.webp 150w, https:\/\/portaledellolio.it\/wp-content\/uploads\/2025\/01\/sansa-768x768.webp 768w, https:\/\/portaledellolio.it\/wp-content\/uploads\/2025\/01\/sansa-400x400.webp 400w\" sizes=\"(max-width: 1024px) 100vw, 1024px\" style=\"width:100%;height:100%;max-width:1024px;\" \/>\r\n                            <\/div>\r\n                <div class=\"blog-post-txt\">\r\n            <div class=\"d-flex flex-wrap gap-2 post-tag\">\r\n                <div class=\"post-categories\"><a href=\"https:\/\/portaledellolio.it\/index.php\/category\/blog-dellolio\/\">Blog dell&#039;olio<\/a><\/div>            <\/div>\r\n\r\n\r\n            <h6 class=\"post-title s-20 w-700\"><a href=\"https:\/\/portaledellolio.it\/index.php\/2025\/01\/09\/cosa-daresti-per-non-avere-mai-problemi-con-la-registrazione-degli-scarichi-di-sansa\/\">Cosa daresti per non avere mai problemi con la registrazione degli scarichi di sansa<\/a><\/h6>\r\n            <p>Cosa daresti per non avere mai problemi con la registrazione degli scarichi di sansa? Lo so, la gestione della sansa \u00e8 uno degli aspetti pi\u00f9 intricati che si affronta nella&hellip;<\/p>\r\n\r\n            <div class=\"blog-post-meta mt-20\">\r\n                <ul class=\"post-meta-list ico-10\"><li><p class=\"byline]\"><a class=\"p-sm w-500\" href=\"https:\/\/portaledellolio.it\/index.php\/author\/nextfuture\/\" rel=\"author\">nextfuture<\/a><\/p><\/li><li class=\"meta-list-divider\"><p><span class=\"flaticon-minus\"><\/span><\/p><\/li><li><p class=\"posted-on p-sm\"><time class=\"entry-date published updated\" datetime=\"2025-01-09T17:22:29+01:00\">9 Gennaio 2025<\/time><\/p><\/li><\/ul>            <\/div>\r\n        <\/div>\r\n    <\/div>\r\n<\/div><div class=\"col\">\r\n    <div class=\"blog-post mb-40 clearfixs post-10993 post type-post status-publish format-standard has-post-thumbnail hentry category-blog-dellolio entry\">\r\n                    <div class=\"blog-post-img position-relative mb-35\">\r\n                <img decoding=\"async\" width=\"1024\" height=\"1024\" src=\"https:\/\/portaledellolio.it\/wp-content\/uploads\/2025\/01\/olio.webp\" class=\"img-fluid r-16 wp-post-image\" alt=\"\" srcset=\"https:\/\/portaledellolio.it\/wp-content\/uploads\/2025\/01\/olio.webp 1024w, https:\/\/portaledellolio.it\/wp-content\/uploads\/2025\/01\/olio-300x300.webp 300w, https:\/\/portaledellolio.it\/wp-content\/uploads\/2025\/01\/olio-150x150.webp 150w, https:\/\/portaledellolio.it\/wp-content\/uploads\/2025\/01\/olio-768x768.webp 768w, https:\/\/portaledellolio.it\/wp-content\/uploads\/2025\/01\/olio-400x400.webp 400w\" sizes=\"(max-width: 1024px) 100vw, 1024px\" style=\"width:100%;height:100%;max-width:1024px;\" \/>\r\n                            <\/div>\r\n                <div class=\"blog-post-txt\">\r\n            <div class=\"d-flex flex-wrap gap-2 post-tag\">\r\n                <div class=\"post-categories\"><a href=\"https:\/\/portaledellolio.it\/index.php\/category\/blog-dellolio\/\">Blog dell&#039;olio<\/a><\/div>            <\/div>\r\n\r\n\r\n            <h6 class=\"post-title s-20 w-700\"><a href=\"https:\/\/portaledellolio.it\/index.php\/2025\/01\/09\/pesa-di-piu-un-kg-di-olio-o-un-kg-di-acqua\/\">Pesa di pi\u00f9 un Kg di olio o un Kg di acqua?<\/a><\/h6>\r\n            <p>Da uno studio eseguito sui registri dei frantoi nel 2021, in pi\u00f9 del 25% dei casi \u00e8 presente un sostanziale errore che ne pregiudica sostanzialmente la correttezza. L\u2019errore pi\u00f9 comune&hellip;<\/p>\r\n\r\n            <div class=\"blog-post-meta mt-20\">\r\n                <ul class=\"post-meta-list ico-10\"><li><p class=\"byline]\"><a class=\"p-sm w-500\" href=\"https:\/\/portaledellolio.it\/index.php\/author\/nextfuture\/\" rel=\"author\">nextfuture<\/a><\/p><\/li><li class=\"meta-list-divider\"><p><span class=\"flaticon-minus\"><\/span><\/p><\/li><li><p class=\"posted-on p-sm\"><time class=\"entry-date published updated\" datetime=\"2025-01-09T17:23:48+01:00\">9 Gennaio 2025<\/time><\/p><\/li><\/ul>            <\/div>\r\n        <\/div>\r\n    <\/div>\r\n<\/div><div class=\"col\">\r\n    <div class=\"blog-post mb-40 clearfixs post-11007 post type-post status-publish format-standard has-post-thumbnail hentry category-blog-dellolio entry\">\r\n                    <div class=\"blog-post-img position-relative mb-35\">\r\n                <img loading=\"lazy\" decoding=\"async\" width=\"1400\" height=\"800\" src=\"https:\/\/portaledellolio.it\/wp-content\/uploads\/2025\/01\/1-1400x800.webp\" class=\"img-fluid r-16 wp-post-image\" alt=\"\" srcset=\"https:\/\/portaledellolio.it\/wp-content\/uploads\/2025\/01\/1-1400x800.webp 1400w, https:\/\/portaledellolio.it\/wp-content\/uploads\/2025\/01\/1-300x171.webp 300w, https:\/\/portaledellolio.it\/wp-content\/uploads\/2025\/01\/1-1024x585.webp 1024w, https:\/\/portaledellolio.it\/wp-content\/uploads\/2025\/01\/1-768x439.webp 768w, https:\/\/portaledellolio.it\/wp-content\/uploads\/2025\/01\/1-1536x878.webp 1536w, https:\/\/portaledellolio.it\/wp-content\/uploads\/2025\/01\/1.webp 1792w\" sizes=\"(max-width: 1400px) 100vw, 1400px\" style=\"width:100%;height:57.14%;max-width:1792px;\" \/>\r\n                            <\/div>\r\n                <div class=\"blog-post-txt\">\r\n            <div class=\"d-flex flex-wrap gap-2 post-tag\">\r\n                <div class=\"post-categories\"><a href=\"https:\/\/portaledellolio.it\/index.php\/category\/blog-dellolio\/\">Blog dell&#039;olio<\/a><\/div>            <\/div>\r\n\r\n\r\n            <h6 class=\"post-title s-20 w-700\"><a href=\"https:\/\/portaledellolio.it\/index.php\/2025\/01\/09\/limportanza-della-corretta-indicazione-della-campagna-di-raccolta-dellolio-doliva-in-etichetta\/\">L&#8217;importanza della corretta indicazione della campagna di raccolta dell&#8217;olio d&#8217;oliva in etichetta<\/a><\/h6>\r\n            <p>L&#8217;olio d&#8217;oliva \u00e8 uno dei prodotti alimentari italiani pi\u00f9 apprezzati e conosciuti in tutto il mondo. Per garantire la qualit\u00e0 e la sicurezza del prodotto, l&#8217;Unione Europea ha stabilito precise&hellip;<\/p>\r\n\r\n            <div class=\"blog-post-meta mt-20\">\r\n                <ul class=\"post-meta-list ico-10\"><li><p class=\"byline]\"><a class=\"p-sm w-500\" href=\"https:\/\/portaledellolio.it\/index.php\/author\/nextfuture\/\" rel=\"author\">nextfuture<\/a><\/p><\/li><li class=\"meta-list-divider\"><p><span class=\"flaticon-minus\"><\/span><\/p><\/li><li><p class=\"posted-on p-sm\"><time class=\"entry-date published updated\" datetime=\"2025-01-09T17:28:48+01:00\">9 Gennaio 2025<\/time><\/p><\/li><\/ul>            <\/div>\r\n        <\/div>\r\n    <\/div>\r\n<\/div><div class=\"col\">\r\n    <div class=\"blog-post mb-40 clearfixs post-10987 post type-post status-publish format-standard has-post-thumbnail hentry category-blog-dellolio entry\">\r\n                    <div class=\"blog-post-img position-relative mb-35\">\r\n                <img loading=\"lazy\" decoding=\"async\" width=\"1024\" height=\"1024\" src=\"https:\/\/portaledellolio.it\/wp-content\/uploads\/2025\/01\/olio-ac.webp\" class=\"img-fluid r-16 wp-post-image\" alt=\"\" srcset=\"https:\/\/portaledellolio.it\/wp-content\/uploads\/2025\/01\/olio-ac.webp 1024w, https:\/\/portaledellolio.it\/wp-content\/uploads\/2025\/01\/olio-ac-300x300.webp 300w, https:\/\/portaledellolio.it\/wp-content\/uploads\/2025\/01\/olio-ac-150x150.webp 150w, https:\/\/portaledellolio.it\/wp-content\/uploads\/2025\/01\/olio-ac-768x768.webp 768w, https:\/\/portaledellolio.it\/wp-content\/uploads\/2025\/01\/olio-ac-400x400.webp 400w\" sizes=\"(max-width: 1024px) 100vw, 1024px\" style=\"width:100%;height:100%;max-width:1024px;\" \/>\r\n                            <\/div>\r\n                <div class=\"blog-post-txt\">\r\n            <div class=\"d-flex flex-wrap gap-2 post-tag\">\r\n                <div class=\"post-categories\"><a href=\"https:\/\/portaledellolio.it\/index.php\/category\/blog-dellolio\/\">Blog dell&#039;olio<\/a><\/div>            <\/div>\r\n\r\n\r\n            <h6 class=\"post-title s-20 w-700\"><a href=\"https:\/\/portaledellolio.it\/index.php\/2025\/01\/09\/classificare-lolio-in-attesa-di-classificazione\/\">Classificare l&#8217;olio in attesa di classificazione<\/a><\/h6>\r\n            <p>Voglio raccontarti questo episodio: diversi anni fa ero nell&#8217;ufficio di un importante dirigente di un noto ente preposto ai controlli nei frantoi, per confrontarmi su un aspetto tecnico del nostro&hellip;<\/p>\r\n\r\n            <div class=\"blog-post-meta mt-20\">\r\n                <ul class=\"post-meta-list ico-10\"><li><p class=\"byline]\"><a class=\"p-sm w-500\" href=\"https:\/\/portaledellolio.it\/index.php\/author\/nextfuture\/\" rel=\"author\">nextfuture<\/a><\/p><\/li><li class=\"meta-list-divider\"><p><span class=\"flaticon-minus\"><\/span><\/p><\/li><li><p class=\"posted-on p-sm\"><time class=\"entry-date published updated\" datetime=\"2025-01-09T17:21:06+01:00\">9 Gennaio 2025<\/time><\/p><\/li><\/ul>            <\/div>\r\n        <\/div>\r\n    <\/div>\r\n<\/div><div class=\"col\">\r\n    <div class=\"blog-post mb-40 clearfixs post-10984 post type-post status-publish format-standard has-post-thumbnail hentry category-blog-dellolio entry\">\r\n                    <div class=\"blog-post-img position-relative mb-35\">\r\n                <img loading=\"lazy\" decoding=\"async\" width=\"1024\" height=\"1024\" src=\"https:\/\/portaledellolio.it\/wp-content\/uploads\/2025\/01\/olio-conf.webp\" class=\"img-fluid r-16 wp-post-image\" alt=\"\" srcset=\"https:\/\/portaledellolio.it\/wp-content\/uploads\/2025\/01\/olio-conf.webp 1024w, https:\/\/portaledellolio.it\/wp-content\/uploads\/2025\/01\/olio-conf-300x300.webp 300w, https:\/\/portaledellolio.it\/wp-content\/uploads\/2025\/01\/olio-conf-150x150.webp 150w, https:\/\/portaledellolio.it\/wp-content\/uploads\/2025\/01\/olio-conf-768x768.webp 768w, https:\/\/portaledellolio.it\/wp-content\/uploads\/2025\/01\/olio-conf-400x400.webp 400w\" sizes=\"(max-width: 1024px) 100vw, 1024px\" style=\"width:100%;height:100%;max-width:1024px;\" \/>\r\n                            <\/div>\r\n                <div class=\"blog-post-txt\">\r\n            <div class=\"d-flex flex-wrap gap-2 post-tag\">\r\n                <div class=\"post-categories\"><a href=\"https:\/\/portaledellolio.it\/index.php\/category\/blog-dellolio\/\">Blog dell&#039;olio<\/a><\/div>            <\/div>\r\n\r\n\r\n            <h6 class=\"post-title s-20 w-700\"><a href=\"https:\/\/portaledellolio.it\/index.php\/2025\/01\/09\/quanto-tempo-dedichi-alla-registrazione-di-ogni-singola-vendita-di-olio-confezionato\/\">Quanto tempo dedichi alla registrazione di ogni singola vendita di olio confezionato?<\/a><\/h6>\r\n            <p>Davvero credi di avere ancora l&#8217;obbligo di registrare tutte le vendite di olio? Quanto tempo dedichi alla registrazione di ogni singola vendita di olio confezionato? Sei tra coloro che per&hellip;<\/p>\r\n\r\n            <div class=\"blog-post-meta mt-20\">\r\n                <ul class=\"post-meta-list ico-10\"><li><p class=\"byline]\"><a class=\"p-sm w-500\" href=\"https:\/\/portaledellolio.it\/index.php\/author\/nextfuture\/\" rel=\"author\">nextfuture<\/a><\/p><\/li><li class=\"meta-list-divider\"><p><span class=\"flaticon-minus\"><\/span><\/p><\/li><li><p class=\"posted-on p-sm\"><time class=\"entry-date published updated\" datetime=\"2025-01-09T17:20:00+01:00\">9 Gennaio 2025<\/time><\/p><\/li><\/ul>            <\/div>\r\n        <\/div>\r\n    <\/div>\r\n<\/div><div class=\"col\">\r\n    <div class=\"blog-post mb-40 clearfixs post-10981 post type-post status-publish format-standard has-post-thumbnail hentry category-blog-dellolio entry\">\r\n                    <div class=\"blog-post-img position-relative mb-35\">\r\n                <img loading=\"lazy\" decoding=\"async\" width=\"1024\" height=\"1024\" src=\"https:\/\/portaledellolio.it\/wp-content\/uploads\/2025\/01\/scontrini.webp\" class=\"img-fluid r-16 wp-post-image\" alt=\"\" srcset=\"https:\/\/portaledellolio.it\/wp-content\/uploads\/2025\/01\/scontrini.webp 1024w, https:\/\/portaledellolio.it\/wp-content\/uploads\/2025\/01\/scontrini-300x300.webp 300w, https:\/\/portaledellolio.it\/wp-content\/uploads\/2025\/01\/scontrini-150x150.webp 150w, https:\/\/portaledellolio.it\/wp-content\/uploads\/2025\/01\/scontrini-768x768.webp 768w, https:\/\/portaledellolio.it\/wp-content\/uploads\/2025\/01\/scontrini-400x400.webp 400w\" sizes=\"(max-width: 1024px) 100vw, 1024px\" style=\"width:100%;height:100%;max-width:1024px;\" \/>\r\n                            <\/div>\r\n                <div class=\"blog-post-txt\">\r\n            <div class=\"d-flex flex-wrap gap-2 post-tag\">\r\n                <div class=\"post-categories\"><a href=\"https:\/\/portaledellolio.it\/index.php\/category\/blog-dellolio\/\">Blog dell&#039;olio<\/a><\/div>            <\/div>\r\n\r\n\r\n            <h6 class=\"post-title s-20 w-700\"><a href=\"https:\/\/portaledellolio.it\/index.php\/2025\/01\/09\/sai-che-utilizzare-correttamente-il-documento-commerciale-puo-semplificare-notevolmente-lemissione-e-la-registrazione-dei-documenti-di-molitura-conto-terzi\/\">Sai che utilizzare correttamente il Documento Commerciale pu\u00f2 semplificare notevolmente l&#8217;emissione e la registrazione dei documenti di molitura conto terzi?<\/a><\/h6>\r\n            <p>La normativa dispone che i commercianti al minuto e assimilati e gli altri contribuenti che erano obbligati all\u2019emissione della ricevuta fiscale devono documentare le cessioni di beni e le prestazioni&hellip;<\/p>\r\n\r\n            <div class=\"blog-post-meta mt-20\">\r\n                <ul class=\"post-meta-list ico-10\"><li><p class=\"byline]\"><a class=\"p-sm w-500\" href=\"https:\/\/portaledellolio.it\/index.php\/author\/nextfuture\/\" rel=\"author\">nextfuture<\/a><\/p><\/li><li class=\"meta-list-divider\"><p><span class=\"flaticon-minus\"><\/span><\/p><\/li><li><p class=\"posted-on p-sm\"><time class=\"entry-date published updated\" datetime=\"2025-01-09T16:40:17+01:00\">9 Gennaio 2025<\/time><\/p><\/li><\/ul>            <\/div>\r\n        <\/div>\r\n    <\/div>\r\n<\/div>    <\/div>\r\n            <div class=\"nav-alignment\">\r\n            \r\n\t<nav class=\"navigation mb-40 pagination\" aria-label=\"Paginazione degli articoli\">\r\n\t\t<h2 class=\"screen-reader-text\">Paginazione degli articoli<\/h2>\r\n\t\t<div class=\"nav-links theme-pagination numeric-pagination d-lg-flex gap-2 justify-content-lg-between\"><span aria-current=\"page\" class=\"page-numbers current\">1<\/span>\n<a class=\"page-numbers\" href=\"https:\/\/portaledellolio.it\/index.php\/wp-json\/wp\/v2\/pages\/11227\/page\/2\/\">2<\/a>\n<a class=\"next page-numbers\" href=\"https:\/\/portaledellolio.it\/index.php\/wp-json\/wp\/v2\/pages\/11227\/page\/2\/\"><span class=\"nav-next-text flaticon-next\"><span class=\"screen-reader-text\">Next posts<\/span><\/span><\/a><\/div>\r\n\t<\/nav>        <\/div>\r\n    \t\t\t\t<\/div>\n\t\t\t\t<\/div>\n\t\t\t\t\t<\/div>\n\t\t\t\t<\/div>\n\t\t\t\t<\/div>\n\t\t","protected":false},"excerpt":{"rendered":"<p>Blog dell&#039;olio L&#8217;importanza della corretta indicazione della campagna di raccolta dell&#8217;olio d&#8217;oliva in etichetta L&#8217;olio d&#8217;oliva \u00e8 uno dei prodotti alimentari italiani pi\u00f9 apprezzati e conosciuti in tutto il mondo. Per garantire la qualit\u00e0 e la sicurezza del prodotto, l&#8217;Unione Europea ha stabilito precise&hellip; nextfuture 9 Gennaio 2025 Edit L&#8217;importanza della corretta indicazione della campagna&hellip;<\/p>\n","protected":false},"author":1,"featured_media":0,"parent":0,"menu_order":0,"comment_status":"closed","ping_status":"closed","template":"","meta":{"footnotes":""},"class_list":["post-11227","page","type-page","status-publish","hentry","entry"],"_links":{"self":[{"href":"https:\/\/portaledellolio.it\/index.php\/wp-json\/wp\/v2\/pages\/11227","targetHints":{"allow":["GET"]}}],"collection":[{"href":"https:\/\/portaledellolio.it\/index.php\/wp-json\/wp\/v2\/pages"}],"about":[{"href":"https:\/\/portaledellolio.it\/index.php\/wp-json\/wp\/v2\/types\/page"}],"author":[{"embeddable":true,"href":"https:\/\/portaledellolio.it\/index.php\/wp-json\/wp\/v2\/users\/1"}],"replies":[{"embeddable":true,"href":"https:\/\/portaledellolio.it\/index.php\/wp-json\/wp\/v2\/comments?post=11227"}],"version-history":[{"count":4,"href":"https:\/\/portaledellolio.it\/index.php\/wp-json\/wp\/v2\/pages\/11227\/revisions"}],"predecessor-version":[{"id":11231,"href":"https:\/\/portaledellolio.it\/index.php\/wp-json\/wp\/v2\/pages\/11227\/revisions\/11231"}],"wp:attachment":[{"href":"https:\/\/portaledellolio.it\/index.php\/wp-json\/wp\/v2\/media?parent=11227"}],"curies":[{"name":"wp","href":"https:\/\/api.w.org\/{rel}","templated":true}]}}